{"id":39,"date":"2024-11-03T14:15:15","date_gmt":"2024-11-03T13:15:15","guid":{"rendered":"http:\/\/a-jmotorsport.com\/?page_id=39"},"modified":"2025-04-15T10:36:22","modified_gmt":"2025-04-15T08:36:22","slug":"contact","status":"publish","type":"page","link":"https:\/\/a-jmotorsport.com\/?page_id=39","title":{"rendered":"Contact"},"content":{"rendered":"\n<div class=\"wp-block-group has-global-padding is-layout-constrained wp-block-group-is-layout-constrained\">\n<div class=\"wp-block-columns are-vertically-aligned-top is-layout-flex wp-container-core-columns-is-layout-d7d455e7 wp-block-columns-is-layout-flex\" style=\"padding-top:0;padding-right:0;padding-bottom:0;padding-left:0\">\n<div class=\"wp-block-column is-vertically-aligned-top is-layout-flow wp-block-column-is-layout-flow\" style=\"padding-right:7%;flex-basis:50%\">\n<p class=\"has-text-color\" style=\"color:#8228d1\">HORAIRES<\/p>\n\n\n\n<p>Nous sommes ouverts du lundi au vendredi de 8h30 \u00e0 18h.<\/p>\n<\/div>\n\n\n\n<div class=\"wp-block-column is-vertically-aligned-top is-layout-flow wp-block-column-is-layout-flow\" style=\"flex-basis:50%\"><\/div>\n<\/div>\n\n\n\n<div class=\"wp-block-columns is-layout-flex wp-container-core-columns-is-layout-28f84493 wp-block-columns-is-layout-flex\">\n<div class=\"wp-block-column is-layout-flow wp-block-column-is-layout-flow\" style=\"flex-basis:66.66%\">\n<iframe src=\"https:\/\/www.google.com\/maps\/embed?pb=!1m18!1m12!1m3!1d2668.339878977119!2d-4.190227000000001!3d48.026461999999995!2m3!1f0!2f0!3f0!3m2!1i1024!2i768!4f13.1!3m3!1m2!1s0x4816d581b839886f%3A0x23ffe9b9983512c1!2sA-J%20Motorsport!5e0!3m2!1sfr!2sfr!4v1731248155680!5m2!1sfr!2sfr\" width=\"600\" height=\"450\" style=\"border:0;\" allowfullscreen=\"\" loading=\"lazy\" referrerpolicy=\"no-referrer-when-downgrade\"><\/iframe>\n<\/div>\n\n\n\n<div class=\"wp-block-column is-layout-flow wp-block-column-is-layout-flow\" style=\"flex-basis:33.33%\">\n<p><\/p>\n\n\n\n<h3 class=\"wp-block-heading has-large-font-size\">Contact<\/h3>\n\n\n\n<h3 class=\"wp-block-heading\"><strong>Adresse<\/strong><\/h3>\n\n\n\n<p>9, Route du Moulin Vert 29180 Guengat<\/p>\n\n\n\n<h3 class=\"wp-block-heading\"><strong>Email<\/strong><\/h3>\n\n\n\n<p>contact@a-jmotorsport.fr<\/p>\n\n\n\n<h3 class=\"wp-block-heading\">T\u00e9l\u00e9phone<\/h3>\n\n\n\n<p>06 98 76 40 21<\/p>\n<\/div>\n<\/div>\n<\/div>\n\n\n\n<figure class=\"wp-block-image size-large\"><img loading=\"lazy\" decoding=\"async\" width=\"768\" height=\"1024\" src=\"https:\/\/a-jmotorsport.com\/wp-content\/uploads\/2025\/04\/IMG_3697-768x1024.jpeg\" alt=\"\" class=\"wp-image-315\" srcset=\"https:\/\/a-jmotorsport.com\/wp-content\/uploads\/2025\/04\/IMG_3697-768x1024.jpeg 768w, https:\/\/a-jmotorsport.com\/wp-content\/uploads\/2025\/04\/IMG_3697-225x300.jpeg 225w, https:\/\/a-jmotorsport.com\/wp-content\/uploads\/2025\/04\/IMG_3697-2000x2667.jpeg 2000w, https:\/\/a-jmotorsport.com\/wp-content\/uploads\/2025\/04\/IMG_3697-scaled.jpeg 1920w\" sizes=\"auto, (max-width: 768px) 100vw, 768px\" \/><\/figure>\n\n\n\n<p><\/p>\n","protected":false},"excerpt":{"rendered":"<p>HORAIRES Nous sommes ouverts du lundi au vendredi de 8h30 \u00e0 18h. Contact Adresse 9, Route du Moulin Vert 29180 Guengat Email contact@a-jmotorsport.fr T\u00e9l\u00e9phone 06 98 76 40 21<\/p>\n","protected":false},"author":1,"featured_media":18,"parent":0,"menu_order":0,"comment_status":"closed","ping_status":"closed","template":"","meta":{"footnotes":""},"class_list":["post-39","page","type-page","status-publish","has-post-thumbnail","hentry"],"featured_media_urls":{"thumbnail":["https:\/\/a-jmotorsport.com\/wp-content\/uploads\/2024\/11\/D1323037-E306-4CE4-A2D5-A0920F4F6CCF-scaled-e1730656936206-150x150.jpg",150,150,true],"medium":["https:\/\/a-jmotorsport.com\/wp-content\/uploads\/2024\/11\/D1323037-E306-4CE4-A2D5-A0920F4F6CCF-scaled-e1730656936206-300x136.jpg",300,136,true],"medium_large":["https:\/\/a-jmotorsport.com\/wp-content\/uploads\/2024\/11\/D1323037-E306-4CE4-A2D5-A0920F4F6CCF-scaled-e1730656936206-768x348.jpg",768,348,true],"large":["https:\/\/a-jmotorsport.com\/wp-content\/uploads\/2024\/11\/D1323037-E306-4CE4-A2D5-A0920F4F6CCF-scaled-e1730656936206-1024x464.jpg",950,430,true],"1536x1536":["https:\/\/a-jmotorsport.com\/wp-content\/uploads\/2024\/11\/D1323037-E306-4CE4-A2D5-A0920F4F6CCF-scaled-e1730656936206-1536x696.jpg",1536,696,true],"2048x2048":["https:\/\/a-jmotorsport.com\/wp-content\/uploads\/2024\/11\/D1323037-E306-4CE4-A2D5-A0920F4F6CCF-scaled-e1730656936206-2048x928.jpg",2048,928,true],"inspiro-featured-image":["https:\/\/a-jmotorsport.com\/wp-content\/uploads\/2024\/11\/D1323037-E306-4CE4-A2D5-A0920F4F6CCF-scaled-e1730656936206-2000x906.jpg",2000,906,true],"inspiro-loop":["https:\/\/a-jmotorsport.com\/wp-content\/uploads\/2024\/11\/D1323037-E306-4CE4-A2D5-A0920F4F6CCF-scaled-e1730656936206-950x320.jpg",950,320,true],"inspiro-loop@2x":["https:\/\/a-jmotorsport.com\/wp-content\/uploads\/2024\/11\/D1323037-E306-4CE4-A2D5-A0920F4F6CCF-scaled-e1730656936206-1900x640.jpg",1900,640,true],"portfolio_item-thumbnail":["https:\/\/a-jmotorsport.com\/wp-content\/uploads\/2024\/11\/D1323037-E306-4CE4-A2D5-A0920F4F6CCF-scaled-e1730656936206-600x400.jpg",600,400,true],"portfolio_item-thumbnail@2x":["https:\/\/a-jmotorsport.com\/wp-content\/uploads\/2024\/11\/D1323037-E306-4CE4-A2D5-A0920F4F6CCF-scaled-e1730656936206-1200x800.jpg",1200,800,true],"portfolio_item-masonry":["https:\/\/a-jmotorsport.com\/wp-content\/uploads\/2024\/11\/D1323037-E306-4CE4-A2D5-A0920F4F6CCF-scaled-e1730656936206-600x272.jpg",600,272,true],"portfolio_item-masonry@2x":["https:\/\/a-jmotorsport.com\/wp-content\/uploads\/2024\/11\/D1323037-E306-4CE4-A2D5-A0920F4F6CCF-scaled-e1730656936206-1200x544.jpg",1200,544,true],"portfolio_item-thumbnail_cinema":["https:\/\/a-jmotorsport.com\/wp-content\/uploads\/2024\/11\/D1323037-E306-4CE4-A2D5-A0920F4F6CCF-scaled-e1730656936206-800x335.jpg",800,335,true],"portfolio_item-thumbnail_portrait":["https:\/\/a-jmotorsport.com\/wp-content\/uploads\/2024\/11\/D1323037-E306-4CE4-A2D5-A0920F4F6CCF-scaled-e1730656936206-600x900.jpg",600,900,true],"portfolio_item-thumbnail_portrait@2x":["https:\/\/a-jmotorsport.com\/wp-content\/uploads\/2024\/11\/D1323037-E306-4CE4-A2D5-A0920F4F6CCF-scaled-e1730656936206-1200x1156.jpg",1200,1156,true],"portfolio_item-thumbnail_square":["https:\/\/a-jmotorsport.com\/wp-content\/uploads\/2024\/11\/D1323037-E306-4CE4-A2D5-A0920F4F6CCF-scaled-e1730656936206-800x800.jpg",800,800,true]},"_links":{"self":[{"href":"https:\/\/a-jmotorsport.com\/index.php?rest_route=\/wp\/v2\/pages\/39","targetHints":{"allow":["GET"]}}],"collection":[{"href":"https:\/\/a-jmotorsport.com\/index.php?rest_route=\/wp\/v2\/pages"}],"about":[{"href":"https:\/\/a-jmotorsport.com\/index.php?rest_route=\/wp\/v2\/types\/page"}],"author":[{"embeddable":true,"href":"https:\/\/a-jmotorsport.com\/index.php?rest_route=\/wp\/v2\/users\/1"}],"replies":[{"embeddable":true,"href":"https:\/\/a-jmotorsport.com\/index.php?rest_route=%2Fwp%2Fv2%2Fcomments&post=39"}],"version-history":[{"count":9,"href":"https:\/\/a-jmotorsport.com\/index.php?rest_route=\/wp\/v2\/pages\/39\/revisions"}],"predecessor-version":[{"id":345,"href":"https:\/\/a-jmotorsport.com\/index.php?rest_route=\/wp\/v2\/pages\/39\/revisions\/345"}],"wp:featuredmedia":[{"embeddable":true,"href":"https:\/\/a-jmotorsport.com\/index.php?rest_route=\/wp\/v2\/media\/18"}],"wp:attachment":[{"href":"https:\/\/a-jmotorsport.com\/index.php?rest_route=%2Fwp%2Fv2%2Fmedia&parent=39"}],"curies":[{"name":"wp","href":"https:\/\/api.w.org\/{rel}","templated":true}]}}