{"id":38,"date":"2024-11-03T14:15:15","date_gmt":"2024-11-03T13:15:15","guid":{"rendered":"http:\/\/a-jmotorsport.com\/?page_id=38"},"modified":"2025-03-12T16:48:42","modified_gmt":"2025-03-12T15:48:42","slug":"about","status":"publish","type":"page","link":"https:\/\/a-jmotorsport.com\/?page_id=38","title":{"rendered":"Qui sommes nous ?"},"content":{"rendered":"\n<p><\/p>\n\n\n\n<h2 class=\"wp-block-heading has-large-font-size\" id=\"inspiro-is-a-digital-product-agency-that-focuses-on-strategy-and-design\" style=\"font-style:normal;font-weight:100\"><strong>Nous voulons transmettre notre passion pour l&rsquo;automobile, au travers de notre travail.<\/strong><\/h2>\n\n\n\n<div style=\"height:100px\" aria-hidden=\"true\" class=\"wp-block-spacer\"><\/div>\n\n\n\n<h2 class=\"wp-block-heading\">Alexandre<\/h2>\n\n\n\n<div class=\"wp-block-columns alignwide is-layout-flex wp-container-core-columns-is-layout-28f84493 wp-block-columns-is-layout-flex\">\n<div class=\"wp-block-column is-layout-flow wp-block-column-is-layout-flow\">\n<figure class=\"wp-block-image size-large\"><img loading=\"lazy\" decoding=\"async\" width=\"1024\" height=\"683\" src=\"http:\/\/a-jmotorsport.com\/wp-content\/uploads\/2024\/11\/IMG_3324-edited-1-1024x683.jpg\" alt=\"\" class=\"wp-image-71\" srcset=\"https:\/\/a-jmotorsport.com\/wp-content\/uploads\/2024\/11\/IMG_3324-edited-1-1024x683.jpg 1024w, https:\/\/a-jmotorsport.com\/wp-content\/uploads\/2024\/11\/IMG_3324-edited-1-300x200.jpg 300w, https:\/\/a-jmotorsport.com\/wp-content\/uploads\/2024\/11\/IMG_3324-edited-1-2000x1333.jpg 2000w, https:\/\/a-jmotorsport.com\/wp-content\/uploads\/2024\/11\/IMG_3324-edited-1-600x400.jpg 600w, https:\/\/a-jmotorsport.com\/wp-content\/uploads\/2024\/11\/IMG_3324-edited-1-1200x800.jpg 1200w\" sizes=\"auto, (max-width: 1024px) 100vw, 1024px\" \/><\/figure>\n\n\n\n<p class=\"has-secondary-color has-text-color has-medium-font-size\" style=\"text-decoration:underline\">Parcours<\/p>\n\n\n\n<p class=\"has-text-color\" style=\"color:#7a7a7a\">\u00ab\u00a0J&rsquo;ai commenc\u00e9 par un CAP, bac pro en m\u00e9canique de v\u00e9hicules automobiles, suivi d&rsquo;un BTS apr\u00e8s vente automobile, et une mention compl\u00e9mentaire v\u00e9hicules de sport et de collection. \u00c0 l&rsquo;issu de mon dernier dipl\u00f4me, j&rsquo;ai commenc\u00e9 par 3 ann\u00e9es \u00e0 mon compte en tant que m\u00e9canicien de comp\u00e9tition automobile. J&rsquo;ai particip\u00e9 au championnat TTE\/Free Racing, au championnat classique, \u00e0 la Lamera Cup. J&rsquo;ai donn\u00e9 des stages de coaching pilotage sur Formule France. Entre les saisons de courses, j&rsquo;ai fait de la maintenance et de la construction de v\u00e9hicules de course (endurance\/rallye historique), ainsi que de la maintenance de v\u00e9hicules d&rsquo;exception.\u00a0\u00bb<\/p>\n<\/div>\n\n\n\n<div class=\"wp-block-column is-layout-flow wp-block-column-is-layout-flow\">\n<figure class=\"wp-block-image size-large\"><img loading=\"lazy\" decoding=\"async\" width=\"1024\" height=\"674\" src=\"http:\/\/a-jmotorsport.com\/wp-content\/uploads\/2024\/11\/IMG_1348-1024x674.jpg\" alt=\"\" class=\"wp-image-99\" style=\"aspect-ratio:3\/2;object-fit:cover\" srcset=\"https:\/\/a-jmotorsport.com\/wp-content\/uploads\/2024\/11\/IMG_1348-1024x674.jpg 1024w, https:\/\/a-jmotorsport.com\/wp-content\/uploads\/2024\/11\/IMG_1348-300x197.jpg 300w, https:\/\/a-jmotorsport.com\/wp-content\/uploads\/2024\/11\/IMG_1348.jpg 1179w\" sizes=\"auto, (max-width: 1024px) 100vw, 1024px\" \/><\/figure>\n\n\n\n<p class=\"has-secondary-color has-text-color has-medium-font-size\" style=\"text-decoration:underline\">Philosophie<\/p>\n\n\n\n<p class=\"has-text-color\" style=\"color:#7a7a7a\">\u00ab\u00a0J&rsquo;appr\u00e9cie l&rsquo;honn\u00eatet\u00e9, la transparence, le go\u00fbt du travail bien fait. Je mets un point d&rsquo;honneur \u00e0 ma conscience professionnelle. J&rsquo;aime \u00e9changer avec mes clients afin de r\u00e9pondre au mieux \u00e0 leurs exigences. J&rsquo;appr\u00e9cie de restituer un v\u00e9hicule avec des travaux r\u00e9alis\u00e9s au del\u00e0 des attentes du client.\u00a0\u00bb<\/p>\n<\/div>\n\n\n\n<div class=\"wp-block-column is-layout-flow wp-block-column-is-layout-flow\">\n<figure class=\"wp-block-image size-large\"><img loading=\"lazy\" decoding=\"async\" width=\"1024\" height=\"756\" src=\"http:\/\/a-jmotorsport.com\/wp-content\/uploads\/2024\/11\/IMG_1349-1024x756.jpg\" alt=\"\" class=\"wp-image-100\" style=\"aspect-ratio:3\/2;object-fit:cover\" srcset=\"https:\/\/a-jmotorsport.com\/wp-content\/uploads\/2024\/11\/IMG_1349-1024x756.jpg 1024w, https:\/\/a-jmotorsport.com\/wp-content\/uploads\/2024\/11\/IMG_1349-300x222.jpg 300w, https:\/\/a-jmotorsport.com\/wp-content\/uploads\/2024\/11\/IMG_1349.jpg 1179w\" sizes=\"auto, (max-width: 1024px) 100vw, 1024px\" \/><\/figure>\n\n\n\n<p class=\"has-secondary-color has-text-color has-medium-font-size\" style=\"text-decoration:underline\">Ambitions<\/p>\n\n\n\n<p class=\"has-text-color\" style=\"color:#7a7a7a\">\u00ab\u00a0J&rsquo;ai pour but de d\u00e9velopper une entreprise dans un axe li\u00e9 \u00e0 l&rsquo;am\u00e9lioration, la restauration de v\u00e9hicules atypiques, et de r\u00e9pondre toujours plus \u00e0 la satisfaction de mes clients. \u00c0 terme, j&rsquo;aimerai pouvoir de nouveau travailler sur des v\u00e9hicules de comp\u00e9tition et pourquoi pas refaire de l&rsquo;assistance lors de comp\u00e9titions.\u00a0\u00bb<\/p>\n<\/div>\n<\/div>\n\n\n\n<h2 class=\"wp-block-heading\">Jade<\/h2>\n\n\n\n<div class=\"wp-block-columns alignwide is-layout-flex wp-container-core-columns-is-layout-28f84493 wp-block-columns-is-layout-flex\">\n<div class=\"wp-block-column is-layout-flow wp-block-column-is-layout-flow\">\n<figure class=\"wp-block-image size-large\"><img loading=\"lazy\" decoding=\"async\" width=\"683\" height=\"1024\" src=\"http:\/\/a-jmotorsport.com\/wp-content\/uploads\/2024\/11\/IMG_0554-1-683x1024.jpg\" alt=\"\" class=\"wp-image-110\" style=\"aspect-ratio:3\/2;object-fit:cover\" srcset=\"https:\/\/a-jmotorsport.com\/wp-content\/uploads\/2024\/11\/IMG_0554-1-683x1024.jpg 683w, https:\/\/a-jmotorsport.com\/wp-content\/uploads\/2024\/11\/IMG_0554-1-200x300.jpg 200w, https:\/\/a-jmotorsport.com\/wp-content\/uploads\/2024\/11\/IMG_0554-1-2000x3000.jpg 2000w, https:\/\/a-jmotorsport.com\/wp-content\/uploads\/2024\/11\/IMG_0554-1-scaled.jpg 1707w\" sizes=\"auto, (max-width: 683px) 100vw, 683px\" \/><\/figure>\n\n\n\n<p class=\"has-secondary-color has-text-color has-medium-font-size\" style=\"text-decoration:underline\">Parcours<\/p>\n\n\n\n<p class=\"has-text-color\" style=\"color:#7a7a7a\">\u00ab\u00a0J&rsquo;ai toujours \u00e9t\u00e9 passionn\u00e9e de voitures. Quand j&rsquo;ai rencontr\u00e9 Alexandre, il m&rsquo;a ouvert son monde. Je travaillais dans l&rsquo;administratif et j&rsquo;ai tout arr\u00eat\u00e9 pour me former dans l&rsquo;automobile. J&rsquo;ai fait une formation CAP m\u00e9canique automobile. Aujourd&rsquo;hui, j&rsquo;ai mon entreprise d&rsquo;achat\/revente A-J Nippon Cars, pour compl\u00e9ter A-J Motorsport qui est \u00e0 Alexandre.\u00a0\u00bb<\/p>\n<\/div>\n\n\n\n<div class=\"wp-block-column is-layout-flow wp-block-column-is-layout-flow\">\n<figure class=\"wp-block-image size-large\"><img loading=\"lazy\" decoding=\"async\" width=\"1024\" height=\"768\" src=\"http:\/\/a-jmotorsport.com\/wp-content\/uploads\/2024\/11\/AA0EEEBF-A32A-42BE-835D-FD4CE51D078E-1024x768.jpg\" alt=\"\" class=\"wp-image-111\" style=\"aspect-ratio:3\/2;object-fit:cover\" srcset=\"https:\/\/a-jmotorsport.com\/wp-content\/uploads\/2024\/11\/AA0EEEBF-A32A-42BE-835D-FD4CE51D078E-1024x768.jpg 1024w, https:\/\/a-jmotorsport.com\/wp-content\/uploads\/2024\/11\/AA0EEEBF-A32A-42BE-835D-FD4CE51D078E-300x225.jpg 300w, https:\/\/a-jmotorsport.com\/wp-content\/uploads\/2024\/11\/AA0EEEBF-A32A-42BE-835D-FD4CE51D078E-2000x1500.jpg 2000w\" sizes=\"auto, (max-width: 1024px) 100vw, 1024px\" \/><\/figure>\n\n\n\n<p class=\"has-secondary-color has-text-color has-medium-font-size\" style=\"text-decoration:underline\">Philosophie<\/p>\n\n\n\n<p class=\"has-text-color\" style=\"color:#7a7a7a\">\u00ab\u00a0Tout comme Alexandre, je pr\u00f4ne l&rsquo;honn\u00eatet\u00e9. Je pars du principe qu&rsquo;en \u00e9tant une bonne personne, je serai entour\u00e9e de positif. Je veux que mes clients aient confiance en moi, et pour cela je m&rsquo;exprime en toute franchise.\u00a0\u00bb<\/p>\n<\/div>\n\n\n\n<div class=\"wp-block-column is-layout-flow wp-block-column-is-layout-flow\">\n<figure class=\"wp-block-image size-full\"><img loading=\"lazy\" decoding=\"async\" width=\"921\" height=\"737\" src=\"http:\/\/a-jmotorsport.com\/wp-content\/uploads\/2024\/11\/C2AE837C-EC2A-4049-AED4-2AE2DE61F2FB.jpg\" alt=\"\" class=\"wp-image-112\" style=\"aspect-ratio:3\/2;object-fit:cover\" srcset=\"https:\/\/a-jmotorsport.com\/wp-content\/uploads\/2024\/11\/C2AE837C-EC2A-4049-AED4-2AE2DE61F2FB.jpg 921w, https:\/\/a-jmotorsport.com\/wp-content\/uploads\/2024\/11\/C2AE837C-EC2A-4049-AED4-2AE2DE61F2FB-300x240.jpg 300w\" sizes=\"auto, (max-width: 921px) 100vw, 921px\" \/><\/figure>\n\n\n\n<p class=\"has-secondary-color has-text-color has-medium-font-size\" style=\"text-decoration:underline\">Ambitions<\/p>\n\n\n\n<p class=\"has-text-color\" style=\"color:#7a7a7a\">\u00ab\u00a0J&rsquo;aimerai r\u00e9ussir \u00e0 d\u00e9velopper mon entreprise pour avoir dans mon parc des v\u00e9hicules que personnellement j&rsquo;aimerais avoir. Non pas des voitures qui valent des mille et des cents, mais des v\u00e9hicules que l&rsquo;on ne croise pas tous les jours sur la route.\u00a0\u00bb<\/p>\n<\/div>\n<\/div>\n","protected":false},"excerpt":{"rendered":"<p>Nous voulons transmettre notre passion pour l&rsquo;automobile, au travers de notre travail. Alexandre Parcours \u00ab\u00a0J&rsquo;ai commenc\u00e9 par un CAP, bac pro en m\u00e9canique de v\u00e9hicules automobiles, suivi d&rsquo;un BTS apr\u00e8s vente automobile, et une mention compl\u00e9mentaire v\u00e9hicules de sport et de collection. \u00c0 l&rsquo;issu de mon dernier dipl\u00f4me, j&rsquo;ai commenc\u00e9 par 3 ann\u00e9es \u00e0 mon &hellip; <\/p>\n<p class=\"link-more\"><a href=\"https:\/\/a-jmotorsport.com\/?page_id=38\" class=\"more-link\">Lire la suite de<span class=\"screen-reader-text\">\u00ab\u00a0Qui sommes nous ?\u00a0\u00bb<\/span><\/a><\/p>\n","protected":false},"author":1,"featured_media":73,"parent":0,"menu_order":0,"comment_status":"closed","ping_status":"closed","template":"","meta":{"footnotes":""},"class_list":["post-38","page","type-page","status-publish","has-post-thumbnail","hentry"],"featured_media_urls":{"thumbnail":["https:\/\/a-jmotorsport.com\/wp-content\/uploads\/2024\/11\/B7E32E67-56EA-4F4B-AB7A-39D548BB9127-scaled-e1730656899199-150x150.jpeg",150,150,true],"medium":["https:\/\/a-jmotorsport.com\/wp-content\/uploads\/2024\/11\/B7E32E67-56EA-4F4B-AB7A-39D548BB9127-scaled-e1730656899199-300x116.jpeg",300,116,true],"medium_large":["https:\/\/a-jmotorsport.com\/wp-content\/uploads\/2024\/11\/B7E32E67-56EA-4F4B-AB7A-39D548BB9127-scaled-e1730656899199-768x296.jpeg",768,296,true],"large":["https:\/\/a-jmotorsport.com\/wp-content\/uploads\/2024\/11\/B7E32E67-56EA-4F4B-AB7A-39D548BB9127-scaled-e1730656899199-1024x395.jpeg",950,366,true],"1536x1536":["https:\/\/a-jmotorsport.com\/wp-content\/uploads\/2024\/11\/B7E32E67-56EA-4F4B-AB7A-39D548BB9127-scaled-e1730656899199-1536x592.jpeg",1536,592,true],"2048x2048":["https:\/\/a-jmotorsport.com\/wp-content\/uploads\/2024\/11\/B7E32E67-56EA-4F4B-AB7A-39D548BB9127-scaled-e1730656899199-2048x790.jpeg",2048,790,true],"inspiro-featured-image":["https:\/\/a-jmotorsport.com\/wp-content\/uploads\/2024\/11\/B7E32E67-56EA-4F4B-AB7A-39D548BB9127-scaled-e1730656899199-2000x771.jpeg",2000,771,true],"inspiro-loop":["https:\/\/a-jmotorsport.com\/wp-content\/uploads\/2024\/11\/B7E32E67-56EA-4F4B-AB7A-39D548BB9127-scaled-e1730656899199-950x320.jpeg",950,320,true],"inspiro-loop@2x":["https:\/\/a-jmotorsport.com\/wp-content\/uploads\/2024\/11\/B7E32E67-56EA-4F4B-AB7A-39D548BB9127-scaled-e1730656899199-1900x640.jpeg",1900,640,true],"portfolio_item-thumbnail":["https:\/\/a-jmotorsport.com\/wp-content\/uploads\/2024\/11\/B7E32E67-56EA-4F4B-AB7A-39D548BB9127-scaled-e1730656899199-600x400.jpeg",600,400,true],"portfolio_item-thumbnail@2x":["https:\/\/a-jmotorsport.com\/wp-content\/uploads\/2024\/11\/B7E32E67-56EA-4F4B-AB7A-39D548BB9127-scaled-e1730656899199-1200x800.jpeg",1200,800,true],"portfolio_item-masonry":["https:\/\/a-jmotorsport.com\/wp-content\/uploads\/2024\/11\/B7E32E67-56EA-4F4B-AB7A-39D548BB9127-scaled-e1730656899199-600x231.jpeg",600,231,true],"portfolio_item-masonry@2x":["https:\/\/a-jmotorsport.com\/wp-content\/uploads\/2024\/11\/B7E32E67-56EA-4F4B-AB7A-39D548BB9127-scaled-e1730656899199-1200x463.jpeg",1200,463,true],"portfolio_item-thumbnail_cinema":["https:\/\/a-jmotorsport.com\/wp-content\/uploads\/2024\/11\/B7E32E67-56EA-4F4B-AB7A-39D548BB9127-scaled-e1730656899199-800x335.jpeg",800,335,true],"portfolio_item-thumbnail_portrait":["https:\/\/a-jmotorsport.com\/wp-content\/uploads\/2024\/11\/B7E32E67-56EA-4F4B-AB7A-39D548BB9127-scaled-e1730656899199-600x900.jpeg",600,900,true],"portfolio_item-thumbnail_portrait@2x":["https:\/\/a-jmotorsport.com\/wp-content\/uploads\/2024\/11\/B7E32E67-56EA-4F4B-AB7A-39D548BB9127-scaled-e1730656899199-1200x977.jpeg",1200,977,true],"portfolio_item-thumbnail_square":["https:\/\/a-jmotorsport.com\/wp-content\/uploads\/2024\/11\/B7E32E67-56EA-4F4B-AB7A-39D548BB9127-scaled-e1730656899199-800x800.jpeg",800,800,true]},"_links":{"self":[{"href":"https:\/\/a-jmotorsport.com\/index.php?rest_route=\/wp\/v2\/pages\/38","targetHints":{"allow":["GET"]}}],"collection":[{"href":"https:\/\/a-jmotorsport.com\/index.php?rest_route=\/wp\/v2\/pages"}],"about":[{"href":"https:\/\/a-jmotorsport.com\/index.php?rest_route=\/wp\/v2\/types\/page"}],"author":[{"embeddable":true,"href":"https:\/\/a-jmotorsport.com\/index.php?rest_route=\/wp\/v2\/users\/1"}],"replies":[{"embeddable":true,"href":"https:\/\/a-jmotorsport.com\/index.php?rest_route=%2Fwp%2Fv2%2Fcomments&post=38"}],"version-history":[{"count":16,"href":"https:\/\/a-jmotorsport.com\/index.php?rest_route=\/wp\/v2\/pages\/38\/revisions"}],"predecessor-version":[{"id":312,"href":"https:\/\/a-jmotorsport.com\/index.php?rest_route=\/wp\/v2\/pages\/38\/revisions\/312"}],"wp:featuredmedia":[{"embeddable":true,"href":"https:\/\/a-jmotorsport.com\/index.php?rest_route=\/wp\/v2\/media\/73"}],"wp:attachment":[{"href":"https:\/\/a-jmotorsport.com\/index.php?rest_route=%2Fwp%2Fv2%2Fmedia&parent=38"}],"curies":[{"name":"wp","href":"https:\/\/api.w.org\/{rel}","templated":true}]}}