{"id":347,"date":"2025-09-30T12:34:49","date_gmt":"2025-09-30T10:34:49","guid":{"rendered":"https:\/\/a-jmotorsport.com\/?page_id=347"},"modified":"2025-09-30T12:35:32","modified_gmt":"2025-09-30T10:35:32","slug":"nos-partenaires","status":"publish","type":"page","link":"https:\/\/a-jmotorsport.com\/?page_id=347","title":{"rendered":"Nos partenaires"},"content":{"rendered":"\n<div class=\"wp-block-group has-global-padding is-layout-constrained wp-block-group-is-layout-constrained\">\n<div class=\"wp-block-group is-layout-flow wp-block-group-is-layout-flow\">\n<p><\/p>\n\n\n\n<div style=\"height:0px\" aria-hidden=\"true\" class=\"wp-block-spacer\"><\/div>\n\n\n\n<div class=\"wp-block-columns is-layout-flex wp-container-core-columns-is-layout-28f84493 wp-block-columns-is-layout-flex\">\n<div class=\"wp-block-column is-style-default is-layout-flow wp-block-column-is-layout-flow\" style=\"border-style:none;border-width:0px;padding-top:0;padding-right:0;padding-bottom:0;padding-left:0\">\n<figure class=\"wp-block-image aligncenter size-full is-resized\"><img loading=\"lazy\" decoding=\"async\" width=\"480\" height=\"360\" src=\"https:\/\/a-jmotorsport.com\/wp-content\/uploads\/2025\/09\/image-232.png\" alt=\"\" class=\"wp-image-348\" style=\"width:295px;height:auto\" srcset=\"https:\/\/a-jmotorsport.com\/wp-content\/uploads\/2025\/09\/image-232.png 480w, https:\/\/a-jmotorsport.com\/wp-content\/uploads\/2025\/09\/image-232-300x225.png 300w\" sizes=\"auto, (max-width: 480px) 100vw, 480px\" \/><\/figure>\n\n\n\n<h2 class=\"wp-block-heading has-text-align-center\">Driftshop<\/h2>\n\n\n\n<p class=\"has-text-align-center\">Pi\u00e8ces et \u00e9quipements sportifs<\/p>\n<\/div>\n\n\n\n<div class=\"wp-block-column is-style-default is-layout-flow wp-block-column-is-layout-flow\" style=\"border-style:none;border-width:0px;padding-top:0;padding-right:0;padding-bottom:0;padding-left:0\">\n<figure class=\"wp-block-image size-full\"><img loading=\"lazy\" decoding=\"async\" width=\"2560\" height=\"1538\" src=\"https:\/\/a-jmotorsport.com\/wp-content\/uploads\/2025\/09\/FINALLLLL-01_1.png-scaled.webp\" alt=\"\" class=\"wp-image-349\" srcset=\"https:\/\/a-jmotorsport.com\/wp-content\/uploads\/2025\/09\/FINALLLLL-01_1.png-scaled.webp 2560w, https:\/\/a-jmotorsport.com\/wp-content\/uploads\/2025\/09\/FINALLLLL-01_1.png-300x180.webp 300w, https:\/\/a-jmotorsport.com\/wp-content\/uploads\/2025\/09\/FINALLLLL-01_1.png-1024x615.webp 1024w, https:\/\/a-jmotorsport.com\/wp-content\/uploads\/2025\/09\/FINALLLLL-01_1.png-2000x1201.webp 2000w\" sizes=\"auto, (max-width: 2560px) 100vw, 2560px\" \/><\/figure>\n\n\n\n<h2 class=\"wp-block-heading has-text-align-center\">Race Works Performance<\/h2>\n\n\n\n<p class=\"has-text-align-center\">Suspensions et freins sur mesure<\/p>\n<\/div>\n\n\n\n<div class=\"wp-block-column is-style-default is-layout-flow wp-block-column-is-layout-flow\" style=\"border-style:none;border-width:0px;padding-top:0;padding-right:0;padding-bottom:0;padding-left:0\">\n<figure class=\"wp-block-image aligncenter size-full is-resized\"><img loading=\"lazy\" decoding=\"async\" width=\"1500\" height=\"1500\" src=\"https:\/\/a-jmotorsport.com\/wp-content\/uploads\/2025\/09\/5.jpg.png\" alt=\"\" class=\"wp-image-350\" style=\"width:222px;height:auto\" srcset=\"https:\/\/a-jmotorsport.com\/wp-content\/uploads\/2025\/09\/5.jpg.png 1500w, https:\/\/a-jmotorsport.com\/wp-content\/uploads\/2025\/09\/5.jpg-300x300.png 300w, https:\/\/a-jmotorsport.com\/wp-content\/uploads\/2025\/09\/5.jpg-1024x1024.png 1024w, https:\/\/a-jmotorsport.com\/wp-content\/uploads\/2025\/09\/5.jpg-150x150.png 150w\" sizes=\"auto, (max-width: 1500px) 100vw, 1500px\" \/><\/figure>\n\n\n\n<h2 class=\"wp-block-heading has-text-align-center\">Shine<\/h2>\n\n\n\n<p class=\"has-text-align-center\">Entretien et nettoyage<\/p>\n<\/div>\n<\/div>\n\n\n\n<div style=\"height:100px\" aria-hidden=\"true\" class=\"wp-block-spacer\"><\/div>\n\n\n\n<div class=\"wp-block-columns is-layout-flex wp-container-core-columns-is-layout-28f84493 wp-block-columns-is-layout-flex\">\n<div class=\"wp-block-column is-style-default is-layout-flow wp-block-column-is-layout-flow\" style=\"border-style:none;border-width:0px;padding-top:0;padding-right:0;padding-bottom:0;padding-left:0\">\n<figure class=\"wp-block-image aligncenter size-full is-resized\"><img loading=\"lazy\" decoding=\"async\" width=\"1388\" height=\"577\" src=\"https:\/\/a-jmotorsport.com\/wp-content\/uploads\/2025\/09\/couleur_fondnoir.png\" alt=\"\" class=\"wp-image-351\" style=\"width:354px;height:auto\" srcset=\"https:\/\/a-jmotorsport.com\/wp-content\/uploads\/2025\/09\/couleur_fondnoir.png 1388w, https:\/\/a-jmotorsport.com\/wp-content\/uploads\/2025\/09\/couleur_fondnoir-300x125.png 300w, https:\/\/a-jmotorsport.com\/wp-content\/uploads\/2025\/09\/couleur_fondnoir-1024x426.png 1024w\" sizes=\"auto, (max-width: 1388px) 100vw, 1388px\" \/><\/figure>\n\n\n\n<h2 class=\"wp-block-heading has-text-align-center\">GT2i<\/h2>\n\n\n\n<p class=\"has-text-align-center\">Pi\u00e8ces et \u00e9quipements sportifs<\/p>\n<\/div>\n\n\n\n<div class=\"wp-block-column is-style-default is-layout-flow wp-block-column-is-layout-flow\" style=\"border-style:none;border-width:0px;padding-top:0;padding-right:0;padding-bottom:0;padding-left:0\">\n<figure class=\"wp-block-image aligncenter size-full is-resized\"><img loading=\"lazy\" decoding=\"async\" width=\"224\" height=\"225\" src=\"https:\/\/a-jmotorsport.com\/wp-content\/uploads\/2025\/09\/images-2.jpeg\" alt=\"\" class=\"wp-image-352\" style=\"width:144px;height:auto\" srcset=\"https:\/\/a-jmotorsport.com\/wp-content\/uploads\/2025\/09\/images-2.jpeg 224w, https:\/\/a-jmotorsport.com\/wp-content\/uploads\/2025\/09\/images-2-150x150.jpeg 150w\" sizes=\"auto, (max-width: 224px) 100vw, 224px\" \/><\/figure>\n\n\n\n<h2 class=\"wp-block-heading has-text-align-center\">Blinker<\/h2>\n\n\n\n<p class=\"has-text-align-center\">Produits et fournitures de garage<\/p>\n<\/div>\n\n\n\n<div class=\"wp-block-column is-style-default is-layout-flow wp-block-column-is-layout-flow\" style=\"border-style:none;border-width:0px;padding-top:0;padding-right:0;padding-bottom:0;padding-left:0\">\n<figure class=\"wp-block-image size-full\"><img loading=\"lazy\" decoding=\"async\" width=\"1800\" height=\"488\" src=\"https:\/\/a-jmotorsport.com\/wp-content\/uploads\/2025\/09\/d4.b5.a0.H1MotulAufkleber15x4cm1003794658020.JPG.webp\" alt=\"\" class=\"wp-image-354\" srcset=\"https:\/\/a-jmotorsport.com\/wp-content\/uploads\/2025\/09\/d4.b5.a0.H1MotulAufkleber15x4cm1003794658020.JPG.webp 1800w, https:\/\/a-jmotorsport.com\/wp-content\/uploads\/2025\/09\/d4.b5.a0.H1MotulAufkleber15x4cm1003794658020.JPG-300x81.webp 300w, https:\/\/a-jmotorsport.com\/wp-content\/uploads\/2025\/09\/d4.b5.a0.H1MotulAufkleber15x4cm1003794658020.JPG-1024x278.webp 1024w\" sizes=\"auto, (max-width: 1800px) 100vw, 1800px\" \/><\/figure>\n\n\n\n<p><\/p>\n\n\n\n<h2 class=\"wp-block-heading has-text-align-center\">MOTUL<\/h2>\n\n\n\n<p class=\"has-text-align-center\">Huiles et produits sportifs<\/p>\n<\/div>\n<\/div>\n<\/div>\n\n\n\n<div style=\"height:82px\" aria-hidden=\"true\" class=\"wp-block-spacer\"><\/div>\n<\/div>\n\n\n\n<div class=\"wp-block-columns is-layout-flex wp-container-core-columns-is-layout-28f84493 wp-block-columns-is-layout-flex\">\n<div class=\"wp-block-column is-style-default is-layout-flow wp-block-column-is-layout-flow\" style=\"border-style:none;border-width:0px;padding-top:0;padding-right:0;padding-bottom:0;padding-left:0\">\n<figure class=\"wp-block-image aligncenter size-full\"><img loading=\"lazy\" decoding=\"async\" width=\"300\" height=\"153\" src=\"https:\/\/a-jmotorsport.com\/wp-content\/uploads\/2025\/09\/logo.png\" alt=\"\" class=\"wp-image-355\"\/><\/figure>\n\n\n\n<h2 class=\"wp-block-heading has-text-align-center\">RDG<\/h2>\n\n\n\n<p class=\"has-text-align-center\">Nettoyage de FAP et Radiateurs<\/p>\n<\/div>\n\n\n\n<div class=\"wp-block-column is-style-default is-layout-flow wp-block-column-is-layout-flow\" style=\"border-style:none;border-width:0px;padding-top:0;padding-right:0;padding-bottom:0;padding-left:0\">\n<figure class=\"wp-block-image aligncenter size-full is-resized\"><img loading=\"lazy\" decoding=\"async\" width=\"224\" height=\"126\" src=\"https:\/\/a-jmotorsport.com\/wp-content\/uploads\/2025\/09\/images-1-edited.jpeg\" alt=\"\" class=\"wp-image-357\" style=\"width:274px;height:auto\"\/><\/figure>\n\n\n\n<h2 class=\"wp-block-heading has-text-align-center\">NS Performance<\/h2>\n\n\n\n<p class=\"has-text-align-center\">Reprogrammation ECU<\/p>\n<\/div>\n\n\n\n<div class=\"wp-block-column is-style-default is-layout-flow wp-block-column-is-layout-flow\" style=\"border-style:none;border-width:0px;padding-top:0;padding-right:0;padding-bottom:0;padding-left:0\">\n<h2 class=\"wp-block-heading\"><\/h2>\n<\/div>\n<\/div>\n","protected":false},"excerpt":{"rendered":"<p>Driftshop Pi\u00e8ces et \u00e9quipements sportifs Race Works Performance Suspensions et freins sur mesure Shine Entretien et nettoyage GT2i Pi\u00e8ces et \u00e9quipements sportifs Blinker Produits et fournitures de garage MOTUL Huiles et produits sportifs RDG Nettoyage de FAP et Radiateurs NS Performance Reprogrammation ECU<\/p>\n","protected":false},"author":1,"featured_media":0,"parent":0,"menu_order":0,"comment_status":"closed","ping_status":"closed","template":"","meta":{"footnotes":""},"class_list":["post-347","page","type-page","status-publish","hentry"],"featured_media_urls":[],"_links":{"self":[{"href":"https:\/\/a-jmotorsport.com\/index.php?rest_route=\/wp\/v2\/pages\/347","targetHints":{"allow":["GET"]}}],"collection":[{"href":"https:\/\/a-jmotorsport.com\/index.php?rest_route=\/wp\/v2\/pages"}],"about":[{"href":"https:\/\/a-jmotorsport.com\/index.php?rest_route=\/wp\/v2\/types\/page"}],"author":[{"embeddable":true,"href":"https:\/\/a-jmotorsport.com\/index.php?rest_route=\/wp\/v2\/users\/1"}],"replies":[{"embeddable":true,"href":"https:\/\/a-jmotorsport.com\/index.php?rest_route=%2Fwp%2Fv2%2Fcomments&post=347"}],"version-history":[{"count":3,"href":"https:\/\/a-jmotorsport.com\/index.php?rest_route=\/wp\/v2\/pages\/347\/revisions"}],"predecessor-version":[{"id":360,"href":"https:\/\/a-jmotorsport.com\/index.php?rest_route=\/wp\/v2\/pages\/347\/revisions\/360"}],"wp:attachment":[{"href":"https:\/\/a-jmotorsport.com\/index.php?rest_route=%2Fwp%2Fv2%2Fmedia&parent=347"}],"curies":[{"name":"wp","href":"https:\/\/api.w.org\/{rel}","templated":true}]}}