{"id":296,"date":"2025-03-10T16:13:47","date_gmt":"2025-03-10T15:13:47","guid":{"rendered":"https:\/\/a-jmotorsport.com\/?page_id=296"},"modified":"2025-03-10T16:13:47","modified_gmt":"2025-03-10T15:13:47","slug":"nettoyage-de-fap","status":"publish","type":"page","link":"https:\/\/a-jmotorsport.com\/?page_id=296","title":{"rendered":"Nettoyage de FAP"},"content":{"rendered":"\n<div class=\"wp-block-columns is-layout-flex wp-container-core-columns-is-layout-28f84493 wp-block-columns-is-layout-flex\">\n<div class=\"wp-block-column is-layout-flow wp-block-column-is-layout-flow\" style=\"flex-basis:33.33%\">\n<p>Chez nous, plut\u00f4t que de remplacer votre FAP, nous vous proposons une proc\u00e9dure moins on\u00e9reuse. <\/p>\n\n\n\n<p>Nous commen\u00e7ons par faire une r\u00e9g\u00e9n\u00e9ration forc\u00e9e du FAP \u00e0 l&rsquo;aide de notre valise. <\/p>\n\n\n\n<p>Si cela ne suffit pas, nous d\u00e9montons votre FAP et l&rsquo;envoyons se faire nettoyer chez RDG o\u00f9 ils disposent de machines sp\u00e9cialis\u00e9es pour ce type de nettoyage. <\/p>\n\n\n\n<p>Cela vous reviens moins cher que de faire remplacer le FAP et cela fait un petit geste \u00e9cologique !<\/p>\n<\/div>\n\n\n\n<div class=\"wp-block-column is-layout-flow wp-block-column-is-layout-flow\" style=\"flex-basis:66.66%\">\n<figure class=\"wp-block-gallery has-nested-images columns-default is-cropped wp-block-gallery-1 is-layout-flex wp-block-gallery-is-layout-flex\">\n<figure class=\"wp-block-image size-large\"><img loading=\"lazy\" decoding=\"async\" width=\"294\" height=\"150\" data-id=\"297\" src=\"https:\/\/a-jmotorsport.com\/wp-content\/uploads\/2025\/03\/IMG_2384.png\" alt=\"\" class=\"wp-image-297\"\/><\/figure>\n<\/figure>\n<\/div>\n<\/div>\n\n\n\n<div class=\"wp-block-buttons is-content-justification-center is-layout-flex wp-container-core-buttons-is-layout-a89b3969 wp-block-buttons-is-layout-flex\">\n<div class=\"wp-block-button is-style-outline is-style-outline--2\"><a class=\"wp-block-button__link wp-element-button\" href=\"https:\/\/a-jmotorsport.com\/?page_id=143\">Retour sur la liste<\/a><\/div>\n<\/div>\n\n\n\n<p><\/p>\n","protected":false},"excerpt":{"rendered":"<p>Chez nous, plut\u00f4t que de remplacer votre FAP, nous vous proposons une proc\u00e9dure moins on\u00e9reuse. Nous commen\u00e7ons par faire une r\u00e9g\u00e9n\u00e9ration forc\u00e9e du FAP \u00e0 l&rsquo;aide de notre valise. Si cela ne suffit pas, nous d\u00e9montons votre FAP et l&rsquo;envoyons se faire nettoyer chez RDG o\u00f9 ils disposent de machines sp\u00e9cialis\u00e9es pour ce type de &hellip; <\/p>\n<p class=\"link-more\"><a href=\"https:\/\/a-jmotorsport.com\/?page_id=296\" class=\"more-link\">Lire la suite de<span class=\"screen-reader-text\">\u00ab\u00a0Nettoyage de FAP\u00a0\u00bb<\/span><\/a><\/p>\n","protected":false},"author":1,"featured_media":0,"parent":0,"menu_order":0,"comment_status":"closed","ping_status":"closed","template":"","meta":{"footnotes":""},"class_list":["post-296","page","type-page","status-publish","hentry"],"featured_media_urls":[],"_links":{"self":[{"href":"https:\/\/a-jmotorsport.com\/index.php?rest_route=\/wp\/v2\/pages\/296","targetHints":{"allow":["GET"]}}],"collection":[{"href":"https:\/\/a-jmotorsport.com\/index.php?rest_route=\/wp\/v2\/pages"}],"about":[{"href":"https:\/\/a-jmotorsport.com\/index.php?rest_route=\/wp\/v2\/types\/page"}],"author":[{"embeddable":true,"href":"https:\/\/a-jmotorsport.com\/index.php?rest_route=\/wp\/v2\/users\/1"}],"replies":[{"embeddable":true,"href":"https:\/\/a-jmotorsport.com\/index.php?rest_route=%2Fwp%2Fv2%2Fcomments&post=296"}],"version-history":[{"count":1,"href":"https:\/\/a-jmotorsport.com\/index.php?rest_route=\/wp\/v2\/pages\/296\/revisions"}],"predecessor-version":[{"id":298,"href":"https:\/\/a-jmotorsport.com\/index.php?rest_route=\/wp\/v2\/pages\/296\/revisions\/298"}],"wp:attachment":[{"href":"https:\/\/a-jmotorsport.com\/index.php?rest_route=%2Fwp%2Fv2%2Fmedia&parent=296"}],"curies":[{"name":"wp","href":"https:\/\/api.w.org\/{rel}","templated":true}]}}