{"id":134,"date":"2024-11-10T12:32:12","date_gmt":"2024-11-10T11:32:12","guid":{"rendered":"https:\/\/a-jmotorsport.com\/?page_id=134"},"modified":"2024-11-10T12:55:09","modified_gmt":"2024-11-10T11:55:09","slug":"pneumatiques","status":"publish","type":"page","link":"https:\/\/a-jmotorsport.com\/?page_id=134","title":{"rendered":"Pneumatiques"},"content":{"rendered":"\n<p>Le remplacement de vos pneumatiques lorsque l&rsquo;usure arrive au t\u00e9moin est une chose, mais saviez vous que l&rsquo;usure de vos pneumatiques pouvait vous indiquer beaucoup de choses, comme un mauvais gonflage ? <\/p>\n\n\n\n<figure class=\"wp-block-image alignwide size-full\"><img loading=\"lazy\" decoding=\"async\" width=\"761\" height=\"500\" src=\"https:\/\/a-jmotorsport.com\/wp-content\/uploads\/2024\/11\/Capture-decran-2024-11-10-122145.png\" alt=\"\" class=\"wp-image-136\" srcset=\"https:\/\/a-jmotorsport.com\/wp-content\/uploads\/2024\/11\/Capture-decran-2024-11-10-122145.png 761w, https:\/\/a-jmotorsport.com\/wp-content\/uploads\/2024\/11\/Capture-decran-2024-11-10-122145-300x197.png 300w\" sizes=\"auto, (max-width: 761px) 100vw, 761px\" \/><\/figure>\n\n\n\n<p><\/p>\n\n\n\n<p class=\"has-text-align-center\">Chez A-J Motorsport, nous ne montons pas de pneumatiques bas de gamme, nous vous proposons du milieu et du haut de gamme, pour quelles raisons ? La tenue de route, la distance de freinage, les performances. Il en va de votre s\u00e9curit\u00e9 ! Voici une vid\u00e9o r\u00e9alis\u00e9e par Le Vendeur Automobile en association avec Bridgestone et Yann Le Jossec qui vous pr\u00e9sente par des tests, les raisons d&rsquo;opter pour de bons pneus :<\/p>\n\n\n\n<figure class=\"wp-block-embed aligncenter is-type-video is-provider-youtube wp-block-embed-youtube wp-embed-aspect-16-9 wp-has-aspect-ratio\"><div class=\"wp-block-embed__wrapper\">\n<iframe loading=\"lazy\" title=\"Pneus 1ER PRIX VS pneus HAUT DE GAMME (par un pilote de Rallye!)\" width=\"950\" height=\"534\" src=\"https:\/\/www.youtube.com\/embed\/dqD5fEjUq40?feature=oembed\" frameborder=\"0\" allow=\"accelerometer; autoplay; clipboard-write; encrypted-media; gyroscope; picture-in-picture; web-share\" referrerpolicy=\"strict-origin-when-cross-origin\" allowfullscreen><\/iframe>\n<\/div><\/figure>\n\n\n\n<p><\/p>\n\n\n\n<div class=\"wp-block-buttons is-content-justification-center is-layout-flex wp-container-core-buttons-is-layout-a89b3969 wp-block-buttons-is-layout-flex\">\n<div class=\"wp-block-button is-style-outline is-style-outline--1\"><a class=\"wp-block-button__link wp-element-button\" href=\"https:\/\/a-jmotorsport.com\/?page_id=143\">Retour sur la liste<\/a><\/div>\n<\/div>\n","protected":false},"excerpt":{"rendered":"<p>Le remplacement de vos pneumatiques lorsque l&rsquo;usure arrive au t\u00e9moin est une chose, mais saviez vous que l&rsquo;usure de vos pneumatiques pouvait vous indiquer beaucoup de choses, comme un mauvais gonflage ? Chez A-J Motorsport, nous ne montons pas de pneumatiques bas de gamme, nous vous proposons du milieu et du haut de gamme, pour &hellip; <\/p>\n<p class=\"link-more\"><a href=\"https:\/\/a-jmotorsport.com\/?page_id=134\" class=\"more-link\">Lire la suite de<span class=\"screen-reader-text\">\u00ab\u00a0Pneumatiques\u00a0\u00bb<\/span><\/a><\/p>\n","protected":false},"author":1,"featured_media":0,"parent":0,"menu_order":0,"comment_status":"closed","ping_status":"closed","template":"","meta":{"footnotes":""},"class_list":["post-134","page","type-page","status-publish","hentry"],"featured_media_urls":[],"_links":{"self":[{"href":"https:\/\/a-jmotorsport.com\/index.php?rest_route=\/wp\/v2\/pages\/134","targetHints":{"allow":["GET"]}}],"collection":[{"href":"https:\/\/a-jmotorsport.com\/index.php?rest_route=\/wp\/v2\/pages"}],"about":[{"href":"https:\/\/a-jmotorsport.com\/index.php?rest_route=\/wp\/v2\/types\/page"}],"author":[{"embeddable":true,"href":"https:\/\/a-jmotorsport.com\/index.php?rest_route=\/wp\/v2\/users\/1"}],"replies":[{"embeddable":true,"href":"https:\/\/a-jmotorsport.com\/index.php?rest_route=%2Fwp%2Fv2%2Fcomments&post=134"}],"version-history":[{"count":3,"href":"https:\/\/a-jmotorsport.com\/index.php?rest_route=\/wp\/v2\/pages\/134\/revisions"}],"predecessor-version":[{"id":152,"href":"https:\/\/a-jmotorsport.com\/index.php?rest_route=\/wp\/v2\/pages\/134\/revisions\/152"}],"wp:attachment":[{"href":"https:\/\/a-jmotorsport.com\/index.php?rest_route=%2Fwp%2Fv2%2Fmedia&parent=134"}],"curies":[{"name":"wp","href":"https:\/\/api.w.org\/{rel}","templated":true}]}}