{"id":123,"date":"2024-11-04T14:15:10","date_gmt":"2024-11-04T13:15:10","guid":{"rendered":"https:\/\/a-jmotorsport.com\/?page_id=123"},"modified":"2024-11-10T12:54:58","modified_gmt":"2024-11-10T11:54:58","slug":"controle-technique","status":"publish","type":"page","link":"https:\/\/a-jmotorsport.com\/?page_id=123","title":{"rendered":"Contr\u00f4le technique"},"content":{"rendered":"\n<div class=\"wp-block-columns is-layout-flex wp-container-core-columns-is-layout-28f84493 wp-block-columns-is-layout-flex\">\n<div class=\"wp-block-column is-layout-flow wp-block-column-is-layout-flow\" style=\"flex-basis:33.33%\">\n<figure class=\"wp-block-image size-full\"><img loading=\"lazy\" decoding=\"async\" width=\"386\" height=\"250\" src=\"https:\/\/a-jmotorsport.com\/wp-content\/uploads\/2024\/11\/pollution-particules-dekra.jpg\" alt=\"\" class=\"wp-image-65\" srcset=\"https:\/\/a-jmotorsport.com\/wp-content\/uploads\/2024\/11\/pollution-particules-dekra.jpg 386w, https:\/\/a-jmotorsport.com\/wp-content\/uploads\/2024\/11\/pollution-particules-dekra-300x194.jpg 300w\" sizes=\"auto, (max-width: 386px) 100vw, 386px\" \/><\/figure>\n<\/div>\n\n\n\n<div class=\"wp-block-column is-layout-flow wp-block-column-is-layout-flow\" style=\"flex-basis:66.66%\">\n<p>Nous vous proposons de passer votre contr\u00f4le technique. En nous laissant votre v\u00e9hicule 2\/3 jours, nous nous chargeons de v\u00e9rifier les points de contr\u00f4le de s\u00e9curit\u00e9, de r\u00e9aliser les travaux si n\u00e9cessaire (avec votre accord au  pr\u00e9alable). Une fois les points de contr\u00f4les v\u00e9rifi\u00e9s, nous envoyons votre v\u00e9hicule au centre de contr\u00f4le technique. <\/p>\n<\/div>\n<\/div>\n\n\n\n<div class=\"wp-block-buttons is-content-justification-center is-layout-flex wp-container-core-buttons-is-layout-a89b3969 wp-block-buttons-is-layout-flex\">\n<div class=\"wp-block-button is-style-outline is-style-outline--1\"><a class=\"wp-block-button__link wp-element-button\" href=\"https:\/\/a-jmotorsport.com\/?page_id=143\">Retour sur la liste<\/a><\/div>\n<\/div>\n\n\n\n<p><\/p>\n","protected":false},"excerpt":{"rendered":"<p>Nous vous proposons de passer votre contr\u00f4le technique. En nous laissant votre v\u00e9hicule 2\/3 jours, nous nous chargeons de v\u00e9rifier les points de contr\u00f4le de s\u00e9curit\u00e9, de r\u00e9aliser les travaux si n\u00e9cessaire (avec votre accord au pr\u00e9alable). Une fois les points de contr\u00f4les v\u00e9rifi\u00e9s, nous envoyons votre v\u00e9hicule au centre de contr\u00f4le technique.<\/p>\n","protected":false},"author":1,"featured_media":0,"parent":0,"menu_order":0,"comment_status":"closed","ping_status":"closed","template":"","meta":{"footnotes":""},"class_list":["post-123","page","type-page","status-publish","hentry"],"featured_media_urls":[],"_links":{"self":[{"href":"https:\/\/a-jmotorsport.com\/index.php?rest_route=\/wp\/v2\/pages\/123","targetHints":{"allow":["GET"]}}],"collection":[{"href":"https:\/\/a-jmotorsport.com\/index.php?rest_route=\/wp\/v2\/pages"}],"about":[{"href":"https:\/\/a-jmotorsport.com\/index.php?rest_route=\/wp\/v2\/types\/page"}],"author":[{"embeddable":true,"href":"https:\/\/a-jmotorsport.com\/index.php?rest_route=\/wp\/v2\/users\/1"}],"replies":[{"embeddable":true,"href":"https:\/\/a-jmotorsport.com\/index.php?rest_route=%2Fwp%2Fv2%2Fcomments&post=123"}],"version-history":[{"count":3,"href":"https:\/\/a-jmotorsport.com\/index.php?rest_route=\/wp\/v2\/pages\/123\/revisions"}],"predecessor-version":[{"id":151,"href":"https:\/\/a-jmotorsport.com\/index.php?rest_route=\/wp\/v2\/pages\/123\/revisions\/151"}],"wp:attachment":[{"href":"https:\/\/a-jmotorsport.com\/index.php?rest_route=%2Fwp%2Fv2%2Fmedia&parent=123"}],"curies":[{"name":"wp","href":"https:\/\/api.w.org\/{rel}","templated":true}]}}