{"id":116,"date":"2024-11-03T21:25:03","date_gmt":"2024-11-03T20:25:03","guid":{"rendered":"http:\/\/a-jmotorsport.com\/?page_id=116"},"modified":"2024-11-11T12:01:55","modified_gmt":"2024-11-11T11:01:55","slug":"entretien","status":"publish","type":"page","link":"https:\/\/a-jmotorsport.com\/?page_id=116","title":{"rendered":"Entretien"},"content":{"rendered":"\n<div class=\"wp-block-columns is-layout-flex wp-container-core-columns-is-layout-28f84493 wp-block-columns-is-layout-flex\">\n<div class=\"wp-block-column is-layout-flow wp-block-column-is-layout-flow\" style=\"flex-basis:33.33%\">\n<figure class=\"wp-block-image size-full\"><img loading=\"lazy\" decoding=\"async\" width=\"720\" height=\"899\" src=\"http:\/\/a-jmotorsport.com\/wp-content\/uploads\/2024\/11\/Capture-decran-2024-09-30-163807.jpg\" alt=\"\" class=\"wp-image-63\" srcset=\"https:\/\/a-jmotorsport.com\/wp-content\/uploads\/2024\/11\/Capture-decran-2024-09-30-163807.jpg 720w, https:\/\/a-jmotorsport.com\/wp-content\/uploads\/2024\/11\/Capture-decran-2024-09-30-163807-240x300.jpg 240w\" sizes=\"auto, (max-width: 720px) 100vw, 720px\" \/><\/figure>\n<\/div>\n\n\n\n<div class=\"wp-block-column is-layout-flow wp-block-column-is-layout-flow\" style=\"flex-basis:66.66%\">\n<p>L&rsquo;entretien de votre v\u00e9hicule est tr\u00e8s important, en moyenne :<\/p>\n\n\n\n<ul class=\"wp-block-list\">\n<li>La vidange du moteur est \u00e0 faire tous les 10 000 \u00e0 15 000 kilom\u00e8tres ou tous les ans.<\/li>\n\n\n\n<li>Le filtre \u00e0 air est \u00e0 remplacer tous les 25 000 \u00e0 30 000 kilom\u00e8tres ou tous les ans.<\/li>\n\n\n\n<li>Le filtre d&rsquo;habitacle est \u00e0 remplacer tous les 15 000 kilom\u00e8tres ou tous les ans.<\/li>\n\n\n\n<li>Le filtre \u00e0 carburant est \u00e0 remplacer tous les 30 000 \u00e0 50 000 kilom\u00e8tres.<\/li>\n\n\n\n<li>La courroie de distribution est \u00e0 remplacer tous les 60 000 \u00e0 150 000 kilom\u00e8tres ou entre 3 \u00e0 10 ans selon votre utilisation (vous pouvez vous r\u00e9f\u00e9rez au manuel constructeur).<\/li>\n\n\n\n<li>Les plaquettes de frein avants sont \u00e0 remplacer tous les 30 000 kilom\u00e8tres suivant utilisation.<\/li>\n\n\n\n<li>Les plaquettes de frein arri\u00e8res sont \u00e0 remplacer tous les 60 000 kilom\u00e8tres.<\/li>\n\n\n\n<li>Les disques de frein avants sont \u00e0 remplacer tous les 60 000 kilom\u00e8tres suivant utilisation.<\/li>\n\n\n\n<li>Les disques de frein arri\u00e8res sont \u00e0 remplacer tous les 90 000 kilom\u00e8tres. <\/li>\n\n\n\n<li>Le liquide de frein est \u00e0 remplacer tous les 30 000 kilom\u00e8tres ou tous les 2 ans.<\/li>\n\n\n\n<li>Le liquide de refroidissement est \u00e0 remplacer tous les 3 ans.<\/li>\n<\/ul>\n\n\n\n<p>De plus, pensez \u00e0 v\u00e9rifier r\u00e9guli\u00e8rement l&rsquo;\u00e9tat et la pression de vos pneus. Le niveau d&rsquo;huile moteur ainsi que les niveaux de liquide de refroidissement et de frein sont \u00e9galement \u00e0 contr\u00f4ler, si un des niveaux est inf\u00e9rieur \u00e0 la normale, pensez \u00e0 prendre rendez-vous avec votre m\u00e9canicien pour contr\u00f4ler si vous n&rsquo;avez pas de fuite ou de probl\u00e8me de consommation.<\/p>\n<\/div>\n<\/div>\n\n\n\n<p><\/p>\n\n\n\n<div class=\"wp-block-buttons is-content-justification-center is-layout-flex wp-container-core-buttons-is-layout-a89b3969 wp-block-buttons-is-layout-flex\">\n<div class=\"wp-block-button is-style-outline is-style-outline--1\"><a class=\"wp-block-button__link wp-element-button\" href=\"https:\/\/a-jmotorsport.com\/?page_id=143\">Retour sur la liste<\/a><\/div>\n<\/div>\n","protected":false},"excerpt":{"rendered":"<p>L&rsquo;entretien de votre v\u00e9hicule est tr\u00e8s important, en moyenne : De plus, pensez \u00e0 v\u00e9rifier r\u00e9guli\u00e8rement l&rsquo;\u00e9tat et la pression de vos pneus. Le niveau d&rsquo;huile moteur ainsi que les niveaux de liquide de refroidissement et de frein sont \u00e9galement \u00e0 contr\u00f4ler, si un des niveaux est inf\u00e9rieur \u00e0 la normale, pensez \u00e0 prendre rendez-vous &hellip; <\/p>\n<p class=\"link-more\"><a href=\"https:\/\/a-jmotorsport.com\/?page_id=116\" class=\"more-link\">Lire la suite de<span class=\"screen-reader-text\">\u00ab\u00a0Entretien\u00a0\u00bb<\/span><\/a><\/p>\n","protected":false},"author":1,"featured_media":0,"parent":0,"menu_order":0,"comment_status":"closed","ping_status":"closed","template":"","meta":{"footnotes":""},"class_list":["post-116","page","type-page","status-publish","hentry"],"featured_media_urls":[],"_links":{"self":[{"href":"https:\/\/a-jmotorsport.com\/index.php?rest_route=\/wp\/v2\/pages\/116","targetHints":{"allow":["GET"]}}],"collection":[{"href":"https:\/\/a-jmotorsport.com\/index.php?rest_route=\/wp\/v2\/pages"}],"about":[{"href":"https:\/\/a-jmotorsport.com\/index.php?rest_route=\/wp\/v2\/types\/page"}],"author":[{"embeddable":true,"href":"https:\/\/a-jmotorsport.com\/index.php?rest_route=\/wp\/v2\/users\/1"}],"replies":[{"embeddable":true,"href":"https:\/\/a-jmotorsport.com\/index.php?rest_route=%2Fwp%2Fv2%2Fcomments&post=116"}],"version-history":[{"count":7,"href":"https:\/\/a-jmotorsport.com\/index.php?rest_route=\/wp\/v2\/pages\/116\/revisions"}],"predecessor-version":[{"id":275,"href":"https:\/\/a-jmotorsport.com\/index.php?rest_route=\/wp\/v2\/pages\/116\/revisions\/275"}],"wp:attachment":[{"href":"https:\/\/a-jmotorsport.com\/index.php?rest_route=%2Fwp%2Fv2%2Fmedia&parent=116"}],"curies":[{"name":"wp","href":"https:\/\/api.w.org\/{rel}","templated":true}]}}